{"id":9373,"date":"2025-04-28T15:11:50","date_gmt":"2025-04-28T06:11:50","guid":{"rendered":"https:\/\/www.sansyuasuke.com\/?page_id=9373"},"modified":"2025-04-28T15:25:52","modified_gmt":"2025-04-28T06:25:52","slug":"sanshu-asuke-yashiki","status":"publish","type":"page","link":"https:\/\/www.sansyuasuke.com\/?page_id=9373","title":{"rendered":"Sanshu Asuke Yashiki"},"content":{"rendered":"\n<div class=\"wp-block-columns is-layout-flex wp-container-core-columns-is-layout-9d6595d7 wp-block-columns-is-layout-flex\">\n<div class=\"wp-block-column is-layout-flow wp-block-column-is-layout-flow\">\n<h3 class=\"wp-block-heading\"><strong>Sansh\u016b Asuke Yashiki<\/strong><\/h3>\n\n\n\n<p>Established in 1980 within the K\u014drankei Gorge, Sansh\u016b Asuke Yashiki is one of Japan&#8217;s oldest facilities dedicated to the passing on of traditional handicrafts to the modern generation. This is no musty collection of half-remembered agricultural memorabilia, but rather a living museum, a repository of rural wisdom handed down across the centuries. Through hands-on experiences, demonstrations, and informative displays, the visitor learns how to make the items that were essential in daily life and helps to preserve this priceless knowledge.<\/p>\n\n\n\n<p><em>Yashiki<\/em> is the Japanese term for a traditional dwelling, often one belonging to a farmer or a person of standing in rural communities. Sansh\u016b Asuke Yashiki recreates what daily life might have been like in such a place from the late nineteenth to mid-twentieth centuries.<\/p>\n\n\n\n<p>Entering through the thatched archway, you are greeted with a scene of traditional countryside life that has changed very little across time. To the left is the main house, a long, thatched-roof wooden structure. Other buildings, each dedicated to a specific craft, such as umbrella-making, dyeing, blacksmithing and so forth, dot the enclosure.&nbsp;<\/p>\n\n\n\n<p>The site also features a restaurant, Hinokichaya, where you can sample <em>goheimochi<\/em>, a local grilled pounded rice specialty, grilled <em>ayu<\/em> sweetfish, udon and soba noodles, and other seasonal delicacies.<\/p>\n\n\n\n<hr class=\"wp-block-separator has-alpha-channel-opacity\"\/>\n\n\n\n<p class=\"has-pale-pink-background-color has-background\" id=\"tw-target-text\">Sorry for the inconvenience, but please translate the Japanese page to check the latest information.<br><a href=\"https:\/\/www.sansyuasuke.com\/?page_id=1084\">Sanshu Asuke Yashiki Japanese Page<\/a><\/p>\n\n\n\n<h3 class=\"wp-block-heading\"><strong>Information<\/strong><\/h3>\n\n\n\n<p>Hours \/ 9:00A.M. &#8211; 5:00P.M. Tickets are sold until 4:30P.M.<br>Closed on \/Thursdays closed Friday if Thursday is a national holiday.&nbsp;&nbsp;New Years Dec. 25 &#8211; Jan. 2<br>(Exceptional Open \/ everyday April 29 &#8211; May 5, and the month of November.)<\/p>\n\n\n\n<p>The hours of operation and days may change without notice.<\/p>\n\n\n\n<p>Admission \/ Adults 300yen\u3000\u3000Children 100yen(from 7to18years old)<br>Group(20+) 10% discount<br>Handicapped 50% discount<br><\/p>\n\n\n\n<div id=\"wp-block-themeisle-blocks-accordion-f2ab8585\" class=\"wp-block-themeisle-blocks-accordion exclusive\">\n<details class=\"wp-block-themeisle-blocks-accordion-item\"><summary class=\"wp-block-themeisle-blocks-accordion-item__title\"><div><strong>Demonstration<\/strong><br>10 kinds of traditional handicraft demonstration, farmers-life&#8230;<\/div><\/summary><div class=\"wp-block-themeisle-blocks-accordion-item__content\">\n<p><strong>Straw Sandal Making (<em>Warazaiku<\/em>)<\/strong><\/p>\n\n\n\n<figure class=\"wp-block-image size-full is-resized\"><img fetchpriority=\"high\" decoding=\"async\" width=\"300\" height=\"300\" src=\"http:\/\/www.sansyuasuke.com\/wp-content\/uploads\/2023\/03\/wara.jpg\" alt=\"\" class=\"wp-image-1029\" style=\"width:250px\" srcset=\"https:\/\/www.sansyuasuke.com\/wp-content\/uploads\/2023\/03\/wara.jpg 300w, https:\/\/www.sansyuasuke.com\/wp-content\/uploads\/2023\/03\/wara-150x150.jpg 150w\" sizes=\"(max-width: 300px) 100vw, 300px\" \/><\/figure>\n\n\n\n<p>Japanese rice straw culture is as old as rice farming itself, dating back to the Yayoi period (300 BCE\u2013300 CE), and straw sandals, or <em>waraji<\/em>, are thought to date back to the eighth century. These durable, practical items of footwear were in widespread use for hundreds of years, from farm to street, battlefield to temple. Make a reservation for the sandal-making experience and weave your own to take back home!<\/p>\n\n\n\n<p><strong>Weaving (<em>Hataori<\/em>)<\/strong><\/p>\n\n\n\n<figure class=\"wp-block-image size-full is-resized\"><img decoding=\"async\" width=\"300\" height=\"300\" src=\"http:\/\/www.sansyuasuke.com\/wp-content\/uploads\/2023\/03\/hataori.jpg\" alt=\"\" class=\"wp-image-1020\" style=\"width:250px\" srcset=\"https:\/\/www.sansyuasuke.com\/wp-content\/uploads\/2023\/03\/hataori.jpg 300w, https:\/\/www.sansyuasuke.com\/wp-content\/uploads\/2023\/03\/hataori-150x150.jpg 150w\" sizes=\"(max-width: 300px) 100vw, 300px\" \/><\/figure>\n\n\n\n<p>Every Japanese schoolchild learns the legend of Orihime, the Weaver Princess, and her doomed love for the cowherd Hikoboshi. Weaving blossomed during the Heian period (794\u20131185), and the sad princess\u2019 art has held a deep place in the nation&#8217;s cultural identity ever since. Use a traditional handloom to create beautiful table runners or coasters redolent of Japan\u2019s ancient past.<\/p>\n\n\n\n<p><strong>Tub Making (<em>Okeya<\/em>)<\/strong><\/p>\n\n\n\n<figure class=\"wp-block-image size-large is-resized\"><img decoding=\"async\" width=\"1024\" height=\"1024\" src=\"http:\/\/www.sansyuasuke.com\/wp-content\/uploads\/2023\/03\/okeya-1024x1024.jpg\" alt=\"\" class=\"wp-image-1026\" style=\"width:250px\"\/><\/figure>\n\n\n\n<p>To call a Japanese <em>oke<\/em> a mere \u201ctub\u201d does it something of a disservice. These beautifully crafted, handmade wooden vessels range in size from that of a large bucket to a small bowl that can fit in the palm of the hand. They are pieced together without the use of nails with laser-like precision by a master craftsman. Humble in appearance and minimal by design, <em>oke<\/em> have myriad uses, from bathing to serving fine vinegared sushi rice.<\/p>\n\n\n\n<p><strong>Umbrella Making (<em>Kasaya<\/em>)<\/strong><\/p>\n\n\n\n<figure class=\"wp-block-image size-large is-resized\"><img loading=\"lazy\" decoding=\"async\" width=\"1024\" height=\"1024\" src=\"http:\/\/www.sansyuasuke.com\/wp-content\/uploads\/2023\/03\/kasaya-1024x1024.jpg\" alt=\"\" class=\"wp-image-1023\" style=\"width:250px\"\/><\/figure>\n\n\n\n<p>Of all the traditional Japanese handcrafts, <em>karakasa<\/em> oilpaper umbrella making is one of the most complex, with around 100 elements in the making of a single piece. These works of art, far removed from the daily umbrella, must be robust enough to open and close countless times, yet graceful and beautiful enough to rest lightly upon a geisha\u2019s kimono sleeve. Umbrellas and other handicrafts can be purchased here.<\/p>\n\n\n\n<p><strong>Papermaking (<em>Kamisuki<\/em>)<\/strong><\/p>\n\n\n\n<figure class=\"wp-block-image size-large is-resized\"><img loading=\"lazy\" decoding=\"async\" width=\"1024\" height=\"1024\" src=\"http:\/\/www.sansyuasuke.com\/wp-content\/uploads\/2023\/03\/kamisuki-1024x1024.jpg\" alt=\"\" class=\"wp-image-1022\" style=\"width:250px\"\/><\/figure>\n\n\n\n<p>By the end of the nineteenth century, there were 80,000 families making paper by hand in Japan. This traditional paper, known as <em>washi<\/em>, is made by pulping natural wood fibers and forming delicate sheets, often with decorative designs. Watch craftsmen keep this papermaking legacy alive.<\/p>\n\n\n\n<p><strong>Charcoal making (<em>Sumiyaki<\/em>)<\/strong><\/p>\n\n\n\n<figure class=\"wp-block-image size-large is-resized\"><img loading=\"lazy\" decoding=\"async\" width=\"1024\" height=\"1024\" src=\"http:\/\/www.sansyuasuke.com\/wp-content\/uploads\/2023\/03\/sumiyaki-1024x1024.jpg\" alt=\"\" class=\"wp-image-1027\" style=\"width:250px\"\/><\/figure>\n\n\n\n<p>Of all the crafts showcased here, charcoal making is most likely the oldest. Scholars have traced charcoal making in Japan back to the J\u014dmon period. The sixteenth-century rise in popularity of tea ceremony drove demand for the finest charcoal for the tea braziers. Today, Japanese charcoal is recognized for its incredibly high quality.<\/p>\n\n\n\n<p><strong>Blacksmithing (<em>Kajiya<\/em>)<\/strong><\/p>\n\n\n\n<figure class=\"wp-block-image size-large is-resized\"><img loading=\"lazy\" decoding=\"async\" width=\"1024\" height=\"1024\" src=\"http:\/\/www.sansyuasuke.com\/wp-content\/uploads\/2023\/03\/kaziya-1024x1024.jpg\" alt=\"\" class=\"wp-image-1024\" style=\"width:250px\"\/><\/figure>\n\n\n\n<p>Travel back in time amidst the clouds of soot, roaring flames, and pounding of metal on anvils. Blacksmithing in Japan has a 2000-year history, giving rise to the glimmering, deadly samurai swords of legend, literature, and Bushido. Under the guidance of a trained blacksmith forge your own metal blade\u2014not a sword, but a very useful paperknife.<\/p>\n\n\n\n<p><strong>Bamboo Basket Weaving (<em>Kagoya<\/em>)<\/strong><strong><\/strong><\/p>\n\n\n\n<figure class=\"wp-block-image size-full is-resized\"><img loading=\"lazy\" decoding=\"async\" width=\"150\" height=\"150\" src=\"http:\/\/www.sansyuasuke.com\/wp-content\/uploads\/2023\/03\/kagoya1.jpg\" alt=\"\" class=\"wp-image-1030\" style=\"width:250px\"\/><\/figure>\n\n\n\n<p>Asuke has a long history of growing fine quality bamboo of various species to weave into baskets and sieves essential for daily living in the pre-plastic age. Bamboo was harvested in the autumn and then split during the winter months and woven at home to suit whatever purpose was needed. Visitors can make <em>kazaguruma<\/em> windmills, bamboo finger rings, and <em>nabeshiki<\/em> pot stands.<\/p>\n\n\n\n<p><strong>Woodturning (<em>Kijishi<\/em>)<\/strong><\/p>\n\n\n\n<figure class=\"wp-block-image size-large is-resized\"><img loading=\"lazy\" decoding=\"async\" width=\"1024\" height=\"1024\" src=\"http:\/\/www.sansyuasuke.com\/wp-content\/uploads\/2023\/03\/kiziya-1024x1024.jpg\" alt=\"\" class=\"wp-image-1025\" style=\"width:250px\"\/><\/figure>\n\n\n\n<p>Watch craftsmen perform the craft of woodturning, in which a lathe is used to shape common household objects such as wooden bowls or trays. This is an excellent opportunity to witness ancient traditions and take home a practical souvenir that will remind you of your time in Asuke.<\/p>\n\n\n\n<p><strong>Indigo Dyeing (<em>K\u014dya Aizome<\/em>)<\/strong><\/p>\n\n\n\n<figure class=\"wp-block-image size-large is-resized\"><img loading=\"lazy\" decoding=\"async\" width=\"1024\" height=\"683\" src=\"http:\/\/www.sansyuasuke.com\/wp-content\/uploads\/2025\/04\/342A0844-1024x683.jpg\" alt=\"\" class=\"wp-image-9438\" style=\"width:250px\"\/><\/figure>\n\n\n\n<p>This ancient Japanese process uses naturally fermenting dye from the <em>Persicaria tinctoria<\/em> Japanese indigo plant to make the beautiful color often known as \u201cJapan Blue.\u201d Fabric is tied in bundles then dipped in the dyeing vat to create unique patterns on items such as handkerchiefs. Create your own designs on skin-friendly, natural material.<\/p>\n<\/div><\/details>\n<\/div>\n\n\n\n<p><\/p>\n\n\n\n<div id=\"wp-block-themeisle-blocks-accordion-9fd11d9a\" class=\"wp-block-themeisle-blocks-accordion exclusive\">\n<details class=\"wp-block-themeisle-blocks-accordion-item\"><summary class=\"wp-block-themeisle-blocks-accordion-item__title\"><div><strong>Activities<\/strong><\/div><\/summary><div class=\"wp-block-themeisle-blocks-accordion-item__content\">\n<p class=\"has-luminous-vivid-orange-color has-text-color has-link-color wp-elements-2cdea53202b367b7c769d4e135d40b1a\">**reservation only<br>*reservation first priority<\/p>\n\n\n\n<p>Reservation\u2192\u3000yashiki@asuke.aitai.ne.jp<\/p>\n\n\n\n<p><strong>Weaving (<em>Hataori<\/em>)<\/strong>*<\/p>\n\n\n\n<figure class=\"wp-block-image size-large is-resized\"><img loading=\"lazy\" decoding=\"async\" width=\"1024\" height=\"683\" src=\"http:\/\/www.sansyuasuke.com\/wp-content\/uploads\/2023\/06\/0103\u624b\u4ed5\u4e8b\u4f53\u9a13\uff08\u4e09\u5dde\u8db3\u52a9\u5c4b\u6577\uff09190224-13-1024x683.jpg\" alt=\"\" class=\"wp-image-2271\" style=\"width:250px\"\/><\/figure>\n\n\n\n<p>bamboo &amp; thread coaster&nbsp;&nbsp;&nbsp;&nbsp;30 min.&nbsp;&nbsp;&nbsp;&nbsp;1500yen<br>table top cloth&nbsp;&nbsp;&nbsp;&nbsp;60min.&nbsp;&nbsp;&nbsp;&nbsp;3,000yen\uff5e<\/p>\n\n\n\n<p><strong>Aizome (Japanese Indigo Tie Dye)<\/strong>*<\/p>\n\n\n\n<figure class=\"wp-block-image size-large is-resized\"><img loading=\"lazy\" decoding=\"async\" width=\"1024\" height=\"683\" src=\"http:\/\/www.sansyuasuke.com\/wp-content\/uploads\/2023\/06\/IMG_2263-1024x683.jpg\" alt=\"\" class=\"wp-image-2272\" style=\"width:250px\"\/><\/figure>\n\n\n\n<p>Hankerchief&nbsp;&nbsp;&nbsp;&nbsp;30 min.&nbsp;&nbsp;&nbsp;&nbsp;900yen &#8211; 1200yen<br>Shawl&nbsp;&nbsp;&nbsp;&nbsp;30 min.&nbsp;&nbsp;&nbsp;&nbsp;2,800yen<\/p>\n\n\n\n<p><strong>Bamboo craft<\/strong>*<\/p>\n\n\n\n<figure class=\"wp-block-image size-large is-resized\"><img loading=\"lazy\" decoding=\"async\" width=\"1024\" height=\"768\" src=\"http:\/\/www.sansyuasuke.com\/wp-content\/uploads\/2023\/06\/P2450040-1024x768.jpg\" alt=\"\" class=\"wp-image-2273\" style=\"width:250px\"\/><\/figure>\n\n\n\n<p>Taketombo(bamboo dragonfly)&nbsp;&nbsp;&nbsp;&nbsp;30 min.&nbsp;&nbsp;&nbsp;&nbsp;600yen<\/p>\n\n\n\n<p><strong>Cooking<\/strong>**<\/p>\n\n\n\n<figure class=\"wp-block-image size-large is-resized\"><img loading=\"lazy\" decoding=\"async\" width=\"1024\" height=\"683\" src=\"https:\/\/www.sansyuasuke.com\/wp-content\/uploads\/2025\/04\/342A5115-1024x683.jpg\" alt=\"\" class=\"wp-image-9429\" style=\"width:250px\"\/><\/figure>\n\n\n\n<p>Goheimochi&nbsp;&nbsp;&nbsp;&nbsp;45 min.&nbsp;&nbsp;&nbsp;&nbsp;600yen<br>(only a group of 5+ people)<\/p>\n\n\n\n<p><strong>Straw craft<\/strong>**<\/p>\n\n\n\n<figure class=\"wp-block-image size-large is-resized\"><img loading=\"lazy\" decoding=\"async\" width=\"1024\" height=\"683\" src=\"http:\/\/www.sansyuasuke.com\/wp-content\/uploads\/2025\/04\/342A2064-1024x683.jpg\" alt=\"\" class=\"wp-image-9430\" style=\"width:250px\"\/><\/figure>\n\n\n\n<p>Warazouri (straw sandal)&nbsp;&nbsp;&nbsp;&nbsp;5 hrs(10:00~16:00)&nbsp;&nbsp;&nbsp;3,000yen<\/p>\n\n\n\n<p><strong>Bamboo weaving<\/strong>*<\/p>\n\n\n\n<figure class=\"wp-block-image size-large is-resized\"><img loading=\"lazy\" decoding=\"async\" width=\"1024\" height=\"680\" src=\"http:\/\/www.sansyuasuke.com\/wp-content\/uploads\/2025\/04\/DSC2108-1024x680.jpg\" alt=\"\" class=\"wp-image-9431\" style=\"width:250px\"\/><\/figure>\n\n\n\n<p>Bamboo windmill&nbsp;&nbsp;&nbsp;&nbsp;30 min.&nbsp;&nbsp;&nbsp;&nbsp;700yen<\/p>\n<\/div><\/details>\n<\/div>\n<\/div>\n<\/div>\n\n\n\n<div id=\"wp-block-themeisle-blocks-accordion-2ae46de7\" class=\"wp-block-themeisle-blocks-accordion exclusive\">\n<details class=\"wp-block-themeisle-blocks-accordion-item\"><summary class=\"wp-block-themeisle-blocks-accordion-item__title\"><div><strong>Access<\/strong><\/div><\/summary><div class=\"wp-block-themeisle-blocks-accordion-item__content\">\n<h4 class=\"wp-block-heading\"><strong>By Public Transport<\/strong><\/h4>\n\n\n\n<p><a href=\"https:\/\/global.jr-central.co.jp\/en\/\" target=\"_blank\" rel=\"noreferrer noopener\">JR Central<\/a><br><a href=\"https:\/\/www.meitetsu.co.jp\/eng\/\" target=\"_blank\" rel=\"noreferrer noopener\">Nagoya Railroad<\/a><\/p>\n\n\n\n<figure class=\"wp-block-image size-full\"><img loading=\"lazy\" decoding=\"async\" width=\"500\" height=\"240\" src=\"https:\/\/www.sansyuasuke.com\/wp-content\/uploads\/2025\/04\/public_traffic.gif\" alt=\"\" class=\"wp-image-9385\"\/><\/figure>\n\n\n\n<hr class=\"wp-block-separator has-alpha-channel-opacity\"\/>\n\n\n\n<h4 class=\"wp-block-heading\"><strong>By Car<\/strong><\/h4>\n\n\n\n<figure class=\"wp-block-flexible-table-block-table\"><table class=\"\"><tbody><tr><td colspan=\"3\"><strong>Parking lot<\/strong><\/td><\/tr><tr><td rowspan=\"2\"><strong>Miyamachi Parking lot<\/strong><br><a href=\"https:\/\/maps.app.goo.gl\/xivhiccGEVbCktkQ9\" target=\"_blank\" rel=\"noreferrer noopener\">(Google Map)<\/a><br>10-minute walk<\/td><td>Low season<\/td><td>Passenger cars 500yen<br>Bus 2000yen<\/td><\/tr><tr><td>High season<br>(November)<\/td><td>Passenger cars 1000yen<br>Bus 3000yen<\/td><\/tr><\/tbody><\/table><\/figure>\n\n\n\n<figure class=\"wp-block-image size-full\"><img loading=\"lazy\" decoding=\"async\" width=\"500\" height=\"380\" src=\"https:\/\/www.sansyuasuke.com\/wp-content\/uploads\/2025\/04\/car_traffic.gif\" alt=\"\" class=\"wp-image-9384\"\/><\/figure>\n<\/div><\/details>\n<\/div>\n\n\n\n<p><\/p>\n","protected":false},"excerpt":{"rendered":"Sansh\u016b Asuke Yashiki Established in 1980 within the K\u014drankei Gorge, Sansh\u016b Asuke Yashiki is one of Japan&#8217 [&hellip;]","protected":false},"author":4,"featured_media":0,"parent":0,"menu_order":2,"comment_status":"closed","ping_status":"closed","template":"","meta":{"om_disable_all_campaigns":false,"_monsterinsights_skip_tracking":false,"_monsterinsights_sitenote_active":false,"_monsterinsights_sitenote_note":"","_monsterinsights_sitenote_category":0,"_uf_show_specific_survey":0,"_uf_disable_surveys":false,"_themeisle_gutenberg_block_has_review":false,"footnotes":""},"class_list":["post-9373","page","type-page","status-publish","hentry"],"_links":{"self":[{"href":"https:\/\/www.sansyuasuke.com\/index.php?rest_route=\/wp\/v2\/pages\/9373","targetHints":{"allow":["GET"]}}],"collection":[{"href":"https:\/\/www.sansyuasuke.com\/index.php?rest_route=\/wp\/v2\/pages"}],"about":[{"href":"https:\/\/www.sansyuasuke.com\/index.php?rest_route=\/wp\/v2\/types\/page"}],"author":[{"embeddable":true,"href":"https:\/\/www.sansyuasuke.com\/index.php?rest_route=\/wp\/v2\/users\/4"}],"replies":[{"embeddable":true,"href":"https:\/\/www.sansyuasuke.com\/index.php?rest_route=%2Fwp%2Fv2%2Fcomments&post=9373"}],"version-history":[{"count":17,"href":"https:\/\/www.sansyuasuke.com\/index.php?rest_route=\/wp\/v2\/pages\/9373\/revisions"}],"predecessor-version":[{"id":9446,"href":"https:\/\/www.sansyuasuke.com\/index.php?rest_route=\/wp\/v2\/pages\/9373\/revisions\/9446"}],"wp:attachment":[{"href":"https:\/\/www.sansyuasuke.com\/index.php?rest_route=%2Fwp%2Fv2%2Fmedia&parent=9373"}],"curies":[{"name":"wp","href":"https:\/\/api.w.org\/{rel}","templated":true}]}}